{"id":12554,"date":"2025-08-12T15:08:22","date_gmt":"2025-08-12T13:08:22","guid":{"rendered":"https:\/\/www.capciudaddemurcia.com\/home\/?page_id=12554"},"modified":"2025-08-14T12:08:44","modified_gmt":"2025-08-14T10:08:44","slug":"calendario","status":"publish","type":"page","link":"https:\/\/www.capciudaddemurcia.com\/home\/calendario\/","title":{"rendered":"Calendario"},"content":{"rendered":"\n<p class=\"has-text-align-center\"><\/p>\n\n\n\n<div class=\"wp-block-cover aligncenter has-custom-content-position is-position-bottom-center\"><img loading=\"lazy\" decoding=\"async\" width=\"1030\" height=\"539\" class=\"wp-block-cover__image-background wp-image-12626\" alt=\"\" src=\"https:\/\/www.capciudaddemurcia.com\/home\/wp-content\/uploads\/2025\/08\/Calendario-Feed-Version-WEB-2-1030x539.png\" data-object-fit=\"cover\" srcset=\"https:\/\/www.capciudaddemurcia.com\/home\/wp-content\/uploads\/2025\/08\/Calendario-Feed-Version-WEB-2-1030x539.png 1030w, https:\/\/www.capciudaddemurcia.com\/home\/wp-content\/uploads\/2025\/08\/Calendario-Feed-Version-WEB-2-300x157.png 300w, https:\/\/www.capciudaddemurcia.com\/home\/wp-content\/uploads\/2025\/08\/Calendario-Feed-Version-WEB-2-768x402.png 768w, https:\/\/www.capciudaddemurcia.com\/home\/wp-content\/uploads\/2025\/08\/Calendario-Feed-Version-WEB-2-705x369.png 705w, https:\/\/www.capciudaddemurcia.com\/home\/wp-content\/uploads\/2025\/08\/Calendario-Feed-Version-WEB-2-845x442.png 845w, https:\/\/www.capciudaddemurcia.com\/home\/wp-content\/uploads\/2025\/08\/Calendario-Feed-Version-WEB-2-450x236.png 450w, https:\/\/www.capciudaddemurcia.com\/home\/wp-content\/uploads\/2025\/08\/Calendario-Feed-Version-WEB-2-115x60.png 115w, https:\/\/www.capciudaddemurcia.com\/home\/wp-content\/uploads\/2025\/08\/Calendario-Feed-Version-WEB-2-172x90.png 172w, https:\/\/www.capciudaddemurcia.com\/home\/wp-content\/uploads\/2025\/08\/Calendario-Feed-Version-WEB-2.png 1200w\" sizes=\"auto, (max-width: 1030px) 100vw, 1030px\" \/><span aria-hidden=\"true\" class=\"wp-block-cover__background has-background-dim\"><\/span><div class=\"wp-block-cover__inner-container is-layout-flow wp-block-cover-is-layout-flow\">\n<div class=\"wp-block-buttons is-content-justification-center is-layout-flex wp-container-core-buttons-is-layout-16018d1d wp-block-buttons-is-layout-flex\">\n<div class=\"wp-block-button\"><a class=\"wp-block-button__link wp-element-button\" href=\"https:\/\/capciudaddemurcia.compralaentrada.com\/\">Adquiere tus entradas y abonos<\/a><\/div>\n<\/div>\n<\/div><\/div>\n\n\n\n<div class=\"wp-block-jetpack-slideshow aligncenter is-style-rectangular\" data-effect=\"slide\"><div class=\"wp-block-jetpack-slideshow_container swiper-container\"><ul class=\"wp-block-jetpack-slideshow_swiper-wrapper swiper-wrapper\"><li class=\"wp-block-jetpack-slideshow_slide swiper-slide\"><figure><img loading=\"lazy\" decoding=\"async\" width=\"824\" height=\"1030\" alt=\"\" class=\"wp-block-jetpack-slideshow_image wp-image-12576\" data-id=\"12576\" src=\"https:\/\/www.capciudaddemurcia.com\/home\/wp-content\/uploads\/2025\/08\/2-824x1030.png\" srcset=\"https:\/\/www.capciudaddemurcia.com\/home\/wp-content\/uploads\/2025\/08\/2-824x1030.png 824w, https:\/\/www.capciudaddemurcia.com\/home\/wp-content\/uploads\/2025\/08\/2-240x300.png 240w, https:\/\/www.capciudaddemurcia.com\/home\/wp-content\/uploads\/2025\/08\/2-768x960.png 768w, https:\/\/www.capciudaddemurcia.com\/home\/wp-content\/uploads\/2025\/08\/2-564x705.png 564w, https:\/\/www.capciudaddemurcia.com\/home\/wp-content\/uploads\/2025\/08\/2-450x563.png 450w, https:\/\/www.capciudaddemurcia.com\/home\/wp-content\/uploads\/2025\/08\/2-48x60.png 48w, https:\/\/www.capciudaddemurcia.com\/home\/wp-content\/uploads\/2025\/08\/2-72x90.png 72w, https:\/\/www.capciudaddemurcia.com\/home\/wp-content\/uploads\/2025\/08\/2.png 1080w\" sizes=\"auto, (max-width: 824px) 100vw, 824px\" \/><\/figure><\/li><li class=\"wp-block-jetpack-slideshow_slide swiper-slide\"><figure><img loading=\"lazy\" decoding=\"async\" width=\"824\" height=\"1030\" alt=\"\" class=\"wp-block-jetpack-slideshow_image wp-image-12580\" data-id=\"12580\" src=\"https:\/\/www.capciudaddemurcia.com\/home\/wp-content\/uploads\/2025\/08\/3-824x1030.png\" srcset=\"https:\/\/www.capciudaddemurcia.com\/home\/wp-content\/uploads\/2025\/08\/3-824x1030.png 824w, https:\/\/www.capciudaddemurcia.com\/home\/wp-content\/uploads\/2025\/08\/3-240x300.png 240w, https:\/\/www.capciudaddemurcia.com\/home\/wp-content\/uploads\/2025\/08\/3-768x960.png 768w, https:\/\/www.capciudaddemurcia.com\/home\/wp-content\/uploads\/2025\/08\/3-564x705.png 564w, https:\/\/www.capciudaddemurcia.com\/home\/wp-content\/uploads\/2025\/08\/3-450x563.png 450w, https:\/\/www.capciudaddemurcia.com\/home\/wp-content\/uploads\/2025\/08\/3-48x60.png 48w, https:\/\/www.capciudaddemurcia.com\/home\/wp-content\/uploads\/2025\/08\/3-72x90.png 72w, https:\/\/www.capciudaddemurcia.com\/home\/wp-content\/uploads\/2025\/08\/3.png 1080w\" sizes=\"auto, (max-width: 824px) 100vw, 824px\" \/><\/figure><\/li><li class=\"wp-block-jetpack-slideshow_slide swiper-slide\"><figure><img loading=\"lazy\" decoding=\"async\" width=\"824\" height=\"1030\" alt=\"\" class=\"wp-block-jetpack-slideshow_image wp-image-12577\" data-id=\"12577\" src=\"https:\/\/www.capciudaddemurcia.com\/home\/wp-content\/uploads\/2025\/08\/4-824x1030.png\" srcset=\"https:\/\/www.capciudaddemurcia.com\/home\/wp-content\/uploads\/2025\/08\/4-824x1030.png 824w, https:\/\/www.capciudaddemurcia.com\/home\/wp-content\/uploads\/2025\/08\/4-240x300.png 240w, https:\/\/www.capciudaddemurcia.com\/home\/wp-content\/uploads\/2025\/08\/4-768x960.png 768w, https:\/\/www.capciudaddemurcia.com\/home\/wp-content\/uploads\/2025\/08\/4-564x705.png 564w, https:\/\/www.capciudaddemurcia.com\/home\/wp-content\/uploads\/2025\/08\/4-450x563.png 450w, https:\/\/www.capciudaddemurcia.com\/home\/wp-content\/uploads\/2025\/08\/4-48x60.png 48w, https:\/\/www.capciudaddemurcia.com\/home\/wp-content\/uploads\/2025\/08\/4-72x90.png 72w, https:\/\/www.capciudaddemurcia.com\/home\/wp-content\/uploads\/2025\/08\/4.png 1080w\" sizes=\"auto, (max-width: 824px) 100vw, 824px\" \/><\/figure><\/li><li class=\"wp-block-jetpack-slideshow_slide swiper-slide\"><figure><img loading=\"lazy\" decoding=\"async\" width=\"824\" height=\"1030\" alt=\"\" class=\"wp-block-jetpack-slideshow_image wp-image-12578\" data-id=\"12578\" src=\"https:\/\/www.capciudaddemurcia.com\/home\/wp-content\/uploads\/2025\/08\/5-824x1030.png\" srcset=\"https:\/\/www.capciudaddemurcia.com\/home\/wp-content\/uploads\/2025\/08\/5-824x1030.png 824w, https:\/\/www.capciudaddemurcia.com\/home\/wp-content\/uploads\/2025\/08\/5-240x300.png 240w, https:\/\/www.capciudaddemurcia.com\/home\/wp-content\/uploads\/2025\/08\/5-768x960.png 768w, https:\/\/www.capciudaddemurcia.com\/home\/wp-content\/uploads\/2025\/08\/5-564x705.png 564w, https:\/\/www.capciudaddemurcia.com\/home\/wp-content\/uploads\/2025\/08\/5-450x563.png 450w, https:\/\/www.capciudaddemurcia.com\/home\/wp-content\/uploads\/2025\/08\/5-48x60.png 48w, https:\/\/www.capciudaddemurcia.com\/home\/wp-content\/uploads\/2025\/08\/5-72x90.png 72w, https:\/\/www.capciudaddemurcia.com\/home\/wp-content\/uploads\/2025\/08\/5.png 1080w\" sizes=\"auto, (max-width: 824px) 100vw, 824px\" \/><\/figure><\/li><li class=\"wp-block-jetpack-slideshow_slide swiper-slide\"><figure><img loading=\"lazy\" decoding=\"async\" width=\"824\" height=\"1030\" alt=\"\" class=\"wp-block-jetpack-slideshow_image wp-image-12579\" data-id=\"12579\" src=\"https:\/\/www.capciudaddemurcia.com\/home\/wp-content\/uploads\/2025\/08\/6-824x1030.png\" srcset=\"https:\/\/www.capciudaddemurcia.com\/home\/wp-content\/uploads\/2025\/08\/6-824x1030.png 824w, https:\/\/www.capciudaddemurcia.com\/home\/wp-content\/uploads\/2025\/08\/6-240x300.png 240w, https:\/\/www.capciudaddemurcia.com\/home\/wp-content\/uploads\/2025\/08\/6-768x960.png 768w, https:\/\/www.capciudaddemurcia.com\/home\/wp-content\/uploads\/2025\/08\/6-564x705.png 564w, https:\/\/www.capciudaddemurcia.com\/home\/wp-content\/uploads\/2025\/08\/6-450x563.png 450w, https:\/\/www.capciudaddemurcia.com\/home\/wp-content\/uploads\/2025\/08\/6-48x60.png 48w, https:\/\/www.capciudaddemurcia.com\/home\/wp-content\/uploads\/2025\/08\/6-72x90.png 72w, https:\/\/www.capciudaddemurcia.com\/home\/wp-content\/uploads\/2025\/08\/6.png 1080w\" sizes=\"auto, (max-width: 824px) 100vw, 824px\" \/><\/figure><\/li><\/ul><a class=\"wp-block-jetpack-slideshow_button-prev swiper-button-prev swiper-button-white\" role=\"button\"><\/a><a class=\"wp-block-jetpack-slideshow_button-next swiper-button-next swiper-button-white\" role=\"button\"><\/a><a aria-label=\"Pause Slideshow\" class=\"wp-block-jetpack-slideshow_button-pause\" role=\"button\"><\/a><div class=\"wp-block-jetpack-slideshow_pagination swiper-pagination swiper-pagination-white\"><\/div><\/div><\/div>\n\n\n\n<!--more-->\n\n\n\n<div class=\"wp-block-media-text is-stacked-on-mobile\"><figure class=\"wp-block-media-text__media\"><img loading=\"lazy\" decoding=\"async\" width=\"824\" height=\"1030\" src=\"https:\/\/www.capciudaddemurcia.com\/home\/wp-content\/uploads\/2025\/08\/2-824x1030.png\" alt=\"\" class=\"wp-image-12576 size-full\" srcset=\"https:\/\/www.capciudaddemurcia.com\/home\/wp-content\/uploads\/2025\/08\/2-824x1030.png 824w, https:\/\/www.capciudaddemurcia.com\/home\/wp-content\/uploads\/2025\/08\/2-240x300.png 240w, https:\/\/www.capciudaddemurcia.com\/home\/wp-content\/uploads\/2025\/08\/2-768x960.png 768w, https:\/\/www.capciudaddemurcia.com\/home\/wp-content\/uploads\/2025\/08\/2-564x705.png 564w, https:\/\/www.capciudaddemurcia.com\/home\/wp-content\/uploads\/2025\/08\/2-450x563.png 450w, https:\/\/www.capciudaddemurcia.com\/home\/wp-content\/uploads\/2025\/08\/2-48x60.png 48w, https:\/\/www.capciudaddemurcia.com\/home\/wp-content\/uploads\/2025\/08\/2-72x90.png 72w, https:\/\/www.capciudaddemurcia.com\/home\/wp-content\/uploads\/2025\/08\/2.png 1080w\" sizes=\"auto, (max-width: 824px) 100vw, 824px\" \/><\/figure><div class=\"wp-block-media-text__content\">\n<p>La temporada comenzar\u00e1 el 7 de septiembre visitando a un reci\u00e9n llegado desde 3\u00aa Federaci\u00f3n, el Alcantarilla FC.<br>Una semana m\u00e1s tarde, el CD Algar ser\u00e1 el primer equipo en pasar por el Jos\u00e9 Barn\u00e9s.<br><\/p>\n\n\n\n<p><\/p>\n<\/div><\/div>\n\n\n\n<div class=\"wp-block-media-text has-media-on-the-right is-stacked-on-mobile\"><div class=\"wp-block-media-text__content\">\n<p><br>El 2 de noviembre nuestro ex entrenador Mario Mart\u00ednez volver\u00e1 al Jos\u00e9 Barn\u00e9s al frente de la Uni\u00f3n Deportiva Los Garres<br>El 21 de diciembre nos marcharemos al par\u00f3n navide\u00f1o tras visitar al Deportivo Murcia.<\/p>\n\n\n\n<p><\/p>\n<\/div><figure class=\"wp-block-media-text__media\"><img loading=\"lazy\" decoding=\"async\" width=\"824\" height=\"1030\" src=\"https:\/\/www.capciudaddemurcia.com\/home\/wp-content\/uploads\/2025\/08\/3-824x1030.png\" alt=\"\" class=\"wp-image-12580 size-full\" srcset=\"https:\/\/www.capciudaddemurcia.com\/home\/wp-content\/uploads\/2025\/08\/3-824x1030.png 824w, https:\/\/www.capciudaddemurcia.com\/home\/wp-content\/uploads\/2025\/08\/3-240x300.png 240w, https:\/\/www.capciudaddemurcia.com\/home\/wp-content\/uploads\/2025\/08\/3-768x960.png 768w, https:\/\/www.capciudaddemurcia.com\/home\/wp-content\/uploads\/2025\/08\/3-564x705.png 564w, https:\/\/www.capciudaddemurcia.com\/home\/wp-content\/uploads\/2025\/08\/3-450x563.png 450w, https:\/\/www.capciudaddemurcia.com\/home\/wp-content\/uploads\/2025\/08\/3-48x60.png 48w, https:\/\/www.capciudaddemurcia.com\/home\/wp-content\/uploads\/2025\/08\/3-72x90.png 72w, https:\/\/www.capciudaddemurcia.com\/home\/wp-content\/uploads\/2025\/08\/3.png 1080w\" sizes=\"auto, (max-width: 824px) 100vw, 824px\" \/><\/figure><\/div>\n\n\n\n<div class=\"wp-block-media-text is-stacked-on-mobile\"><figure class=\"wp-block-media-text__media\"><img loading=\"lazy\" decoding=\"async\" width=\"824\" height=\"1030\" src=\"https:\/\/www.capciudaddemurcia.com\/home\/wp-content\/uploads\/2025\/08\/4-824x1030.png\" alt=\"\" class=\"wp-image-12577 size-full\" srcset=\"https:\/\/www.capciudaddemurcia.com\/home\/wp-content\/uploads\/2025\/08\/4-824x1030.png 824w, https:\/\/www.capciudaddemurcia.com\/home\/wp-content\/uploads\/2025\/08\/4-240x300.png 240w, https:\/\/www.capciudaddemurcia.com\/home\/wp-content\/uploads\/2025\/08\/4-768x960.png 768w, https:\/\/www.capciudaddemurcia.com\/home\/wp-content\/uploads\/2025\/08\/4-564x705.png 564w, https:\/\/www.capciudaddemurcia.com\/home\/wp-content\/uploads\/2025\/08\/4-450x563.png 450w, https:\/\/www.capciudaddemurcia.com\/home\/wp-content\/uploads\/2025\/08\/4-48x60.png 48w, https:\/\/www.capciudaddemurcia.com\/home\/wp-content\/uploads\/2025\/08\/4-72x90.png 72w, https:\/\/www.capciudaddemurcia.com\/home\/wp-content\/uploads\/2025\/08\/4.png 1080w\" sizes=\"auto, (max-width: 824px) 100vw, 824px\" \/><\/figure><div class=\"wp-block-media-text__content\">\n<p>Volvemos de las vacaciones el 11 de enero para cerrar la primera vuelta ante el<br>CD Beniel.<br>En febrero tocar\u00e1 visitar la comarca del Noroeste,<br>Bullas Deportivo y Ciudad de Calasparra ser\u00e1n los rivales.<br><\/p>\n\n\n\n<p><\/p>\n<\/div><\/div>\n\n\n\n<div class=\"wp-block-media-text has-media-on-the-right is-stacked-on-mobile\"><div class=\"wp-block-media-text__content\">\n<p>Marzo nos traer\u00e1 cinco partidos, tres de ellos alejados del Barn\u00e9s.<br>Encaramos la recta final de la temporada contra un reci\u00e9n descendido, el<br>Bullense, y contra un nuevo ascendido de primera auton\u00f3mica, el San Javier CF<\/p>\n\n\n\n<p><\/p>\n<\/div><figure class=\"wp-block-media-text__media\"><img loading=\"lazy\" decoding=\"async\" width=\"824\" height=\"1030\" src=\"https:\/\/www.capciudaddemurcia.com\/home\/wp-content\/uploads\/2025\/08\/5-824x1030.png\" alt=\"\" class=\"wp-image-12578 size-full\" srcset=\"https:\/\/www.capciudaddemurcia.com\/home\/wp-content\/uploads\/2025\/08\/5-824x1030.png 824w, https:\/\/www.capciudaddemurcia.com\/home\/wp-content\/uploads\/2025\/08\/5-240x300.png 240w, https:\/\/www.capciudaddemurcia.com\/home\/wp-content\/uploads\/2025\/08\/5-768x960.png 768w, https:\/\/www.capciudaddemurcia.com\/home\/wp-content\/uploads\/2025\/08\/5-564x705.png 564w, https:\/\/www.capciudaddemurcia.com\/home\/wp-content\/uploads\/2025\/08\/5-450x563.png 450w, https:\/\/www.capciudaddemurcia.com\/home\/wp-content\/uploads\/2025\/08\/5-48x60.png 48w, https:\/\/www.capciudaddemurcia.com\/home\/wp-content\/uploads\/2025\/08\/5-72x90.png 72w, https:\/\/www.capciudaddemurcia.com\/home\/wp-content\/uploads\/2025\/08\/5.png 1080w\" sizes=\"auto, (max-width: 824px) 100vw, 824px\" \/><\/figure><\/div>\n\n\n\n<div class=\"wp-block-media-text is-stacked-on-mobile\"><figure class=\"wp-block-media-text__media\"><img loading=\"lazy\" decoding=\"async\" width=\"824\" height=\"1030\" src=\"https:\/\/www.capciudaddemurcia.com\/home\/wp-content\/uploads\/2025\/08\/6-824x1030.png\" alt=\"\" class=\"wp-image-12579 size-full\" srcset=\"https:\/\/www.capciudaddemurcia.com\/home\/wp-content\/uploads\/2025\/08\/6-824x1030.png 824w, https:\/\/www.capciudaddemurcia.com\/home\/wp-content\/uploads\/2025\/08\/6-240x300.png 240w, https:\/\/www.capciudaddemurcia.com\/home\/wp-content\/uploads\/2025\/08\/6-768x960.png 768w, https:\/\/www.capciudaddemurcia.com\/home\/wp-content\/uploads\/2025\/08\/6-564x705.png 564w, https:\/\/www.capciudaddemurcia.com\/home\/wp-content\/uploads\/2025\/08\/6-450x563.png 450w, https:\/\/www.capciudaddemurcia.com\/home\/wp-content\/uploads\/2025\/08\/6-48x60.png 48w, https:\/\/www.capciudaddemurcia.com\/home\/wp-content\/uploads\/2025\/08\/6-72x90.png 72w, https:\/\/www.capciudaddemurcia.com\/home\/wp-content\/uploads\/2025\/08\/6.png 1080w\" sizes=\"auto, (max-width: 824px) 100vw, 824px\" \/><\/figure><div class=\"wp-block-media-text__content\">\n<p>El Deportivo Murcia ser\u00e1 el \u00faltimo equipo que visite el Barn\u00e9s en la liga regular, el 10 de mayo.<br>Una semana m\u00e1s tarde cerraremos la liga en el Municipal Cristian Portug\u00e9s \u00abPortu\u00bb contra el CD Beniel.<\/p>\n\n\n\n<p><\/p>\n<\/div><\/div>\n\n\n\n<p><\/p>\n","protected":false},"excerpt":{"rendered":"","protected":false},"author":1,"featured_media":0,"parent":0,"menu_order":0,"comment_status":"open","ping_status":"closed","template":"","meta":{"jetpack_post_was_ever_published":false,"footnotes":""},"class_list":["post-12554","page","type-page","status-publish","hentry"],"jetpack_sharing_enabled":true,"jetpack_shortlink":"https:\/\/wp.me\/P9cs2b-3gu","_links":{"self":[{"href":"https:\/\/www.capciudaddemurcia.com\/home\/wp-json\/wp\/v2\/pages\/12554","targetHints":{"allow":["GET"]}}],"collection":[{"href":"https:\/\/www.capciudaddemurcia.com\/home\/wp-json\/wp\/v2\/pages"}],"about":[{"href":"https:\/\/www.capciudaddemurcia.com\/home\/wp-json\/wp\/v2\/types\/page"}],"author":[{"embeddable":true,"href":"https:\/\/www.capciudaddemurcia.com\/home\/wp-json\/wp\/v2\/users\/1"}],"replies":[{"embeddable":true,"href":"https:\/\/www.capciudaddemurcia.com\/home\/wp-json\/wp\/v2\/comments?post=12554"}],"version-history":[{"count":30,"href":"https:\/\/www.capciudaddemurcia.com\/home\/wp-json\/wp\/v2\/pages\/12554\/revisions"}],"predecessor-version":[{"id":12630,"href":"https:\/\/www.capciudaddemurcia.com\/home\/wp-json\/wp\/v2\/pages\/12554\/revisions\/12630"}],"wp:attachment":[{"href":"https:\/\/www.capciudaddemurcia.com\/home\/wp-json\/wp\/v2\/media?parent=12554"}],"curies":[{"name":"wp","href":"https:\/\/api.w.org\/{rel}","templated":true}]}}