{"id":3353,"date":"2017-09-12T12:35:45","date_gmt":"2017-09-12T12:35:45","guid":{"rendered":"http:\/\/www.capciudaddemurcia.com\/home\/?page_id=3353"},"modified":"2017-09-12T21:28:14","modified_gmt":"2017-09-12T21:28:14","slug":"accionariado-popular","status":"publish","type":"page","link":"https:\/\/www.capciudaddemurcia.com\/home\/accionariado-popular\/","title":{"rendered":"Accionariado Popular"},"content":{"rendered":"\n<style type=\"text\/css\" data-created_by=\"avia_inline_auto\" id=\"style-css-av-av_section-530931207d3d555391368f077617a16b\">\n.avia-section.av-av_section-530931207d3d555391368f077617a16b{\nbackground-repeat:no-repeat;\nbackground-image:url(https:\/\/www.capciudaddemurcia.com\/home\/wp-content\/uploads\/2017\/09\/Publico-rojo-fondo-opt-1500x750.png);\nbackground-position:50% 0%;\nbackground-attachment:fixed;\n}\n.avia-section.av-av_section-530931207d3d555391368f077617a16b .av-section-color-overlay{\nopacity:0.3;\nbackground-color:#000000;\n}\n<\/style>\n<div id='av_section_1'  class='avia-section av-av_section-530931207d3d555391368f077617a16b main_color avia-section-default avia-no-border-styling  avia-builder-el-0  el_before_av_two_third  avia-builder-el-first  avia-full-stretch avia-bg-style-fixed av-section-color-overlay-active av-minimum-height av-minimum-height-25 av-height-25  container_wrap fullsize'  data-section-bg-repeat='stretch' data-av_minimum_height_pc='25' data-av_min_height_opt='25'><div class=\"av-section-color-overlay-wrap\"><div class=\"av-section-color-overlay\"><\/div><div class='container av-section-cont-open' ><main  role=\"main\" itemprop=\"mainContentOfPage\"  class='template-page content  av-content-full alpha units'><div class='post-entry post-entry-type-page post-entry-3353'><div class='entry-content-wrapper clearfix'>\n\n<style type=\"text\/css\" data-created_by=\"avia_inline_auto\" id=\"style-css-av-av_heading-ac83e546d5784497178c39ffdd40da96\">\n#top .av-special-heading.av-av_heading-ac83e546d5784497178c39ffdd40da96{\npadding-bottom:0;\nfont-size:55px;\n}\nbody .av-special-heading.av-av_heading-ac83e546d5784497178c39ffdd40da96 .av-special-heading-tag .heading-char{\nfont-size:25px;\n}\n#top #wrap_all .av-special-heading.av-av_heading-ac83e546d5784497178c39ffdd40da96 .av-special-heading-tag{\nfont-size:55px;\n}\n.av-special-heading.av-av_heading-ac83e546d5784497178c39ffdd40da96 .av-subheading{\nfont-size:15px;\n}\n\n@media only screen and (min-width: 480px) and (max-width: 767px){ \n#top #wrap_all .av-special-heading.av-av_heading-ac83e546d5784497178c39ffdd40da96 .av-special-heading-tag{\nfont-size:0.8em;\n}\n}\n\n@media only screen and (max-width: 479px){ \n#top #wrap_all .av-special-heading.av-av_heading-ac83e546d5784497178c39ffdd40da96 .av-special-heading-tag{\nfont-size:0.8em;\n}\n}\n<\/style>\n<div  class='av-special-heading av-av_heading-ac83e546d5784497178c39ffdd40da96 av-special-heading-h1 blockquote modern-quote modern-centered  avia-builder-el-1  avia-builder-el-no-sibling  av-inherit-size'><h1 class='av-special-heading-tag '  itemprop=\"headline\"  >PASA A LA ACCI\u00d3N<\/h1><div class=\"special-heading-border\"><div class=\"special-heading-inner-border\"><\/div><\/div><\/div>\n<\/div><\/div><\/main><!-- close content main element --><\/div><\/div><\/div><div id='after_section_1'  class='main_color av_default_container_wrap container_wrap fullsize'  ><div class='container av-section-cont-open' ><div class='template-page content  av-content-full alpha units'><div class='post-entry post-entry-type-page post-entry-3353'><div class='entry-content-wrapper clearfix'>\n\n<style type=\"text\/css\" data-created_by=\"avia_inline_auto\" id=\"style-css-av-av_two_third-15d750bd1b332b34c6e70b077ebbccdf\">\n.flex_column.av-av_two_third-15d750bd1b332b34c6e70b077ebbccdf{\nborder-radius:0px 0px 0px 0px;\npadding:0px 0px 0px 0px;\n}\n<\/style>\n<div  class='flex_column av-av_two_third-15d750bd1b332b34c6e70b077ebbccdf av_two_third  avia-builder-el-2  el_after_av_section  el_before_av_one_third  avia-builder-el-first  first flex_column_div av-zero-column-padding  '     ><section  class='av_textblock_section av-av_textblock-2de302bf1aa3cf4c9157dbe6f50ac7eb '   itemscope=\"itemscope\" itemtype=\"https:\/\/schema.org\/CreativeWork\" ><div class='avia_textblock'  itemprop=\"text\" ><h4>Se propietario, gobierna y gestiona al Club de Accionariado Popular Ciudad de Murcia por s\u00f3lo 50\u20ac semestrales durante 5 a\u00f1os.<\/h4>\n<hr \/>\n<p align=\"justify\"><span style=\"color: #ffffff;\">Es irrebatible que el f\u00fatbol ha cambiado dr\u00e1sticamente, el mercantilismo y las sociedades an\u00f3nimas son desde hace a\u00f1os indiscutibles apoderados de nuestros equipos, los cuales han perdido los valores propios del deporte, convirtiendo a nuestro f\u00fatbol en un detestable negocio en manos de empresarios sin escr\u00fapulos, de dudosa reputaci\u00f3n y futbolistas multimillonarios que ya no juegan por la camiseta.<\/span><\/p>\n<p align=\"justify\"><span style=\"color: #ffffff;\">El f\u00fatbol profesional condena lo que es in\u00fatil, y es in\u00fatil lo que no es rentable.<\/span><\/p>\n<p align=\"justify\"><span style=\"color: #ffffff;\">Esta tendencia ha tra\u00eddo consigo una larga lista de consecuencias, destacando la poca atenci\u00f3n a las necesidades de los aficionados y su no participaci\u00f3n en la toma de decisiones.<\/span><\/p>\n<p align=\"justify\"><span style=\"color: #ffffff;\">Por ejemplo, el precio abusivo de las entradas en la mayor\u00eda de categor\u00edas se lucra de la pasi\u00f3n del aficionado al que utiliza como un mero elemento recaudatorio.<\/span><\/p>\n<p align=\"justify\"><span style=\"color: #ffffff;\">Para el f\u00fatbol negocio, no es necesario el aficionado que cada dos semanas acude a su estadio movido por el amor a sus colores, es m\u00e1s rentable que el partido sea visto desde el bar o casa, as\u00ed lo dictan las grandes corporaciones televisivas, incluso a sus chanchullos para monopolizar el f\u00fatbol televisivo se le conoce como la guerra del f\u00fatbol. Hubo un tiempo en el que las guerras futbol\u00edsticas se refer\u00edan exclusivamente a lo que ocurr\u00eda en el terreno de juego.<\/span><\/p>\n<p align=\"justify\"><span style=\"color: #ffffff;\">Y como resultado de que las televisiones pongan la mayor parte del dinero para que este circo de intereses siga en funcionamiento, estas deciden cuando hay partido, f\u00fatbol los viernes y lunes, s\u00e1bado y domingo durante toda la tarde y noche. Negocio perfecto, las semanas con jornada de Champions y Europa League no hay d\u00eda que la televisi\u00f3n no emita su partidito de turno. Que el aficionado no pueda acudir a ver su equipo no importa en su f\u00fatbol.<\/span><\/p>\n<p align=\"justify\"><span style=\"color: #ffffff;\">Es preocupante que en un estadio poblado de aficionados que dar\u00edan la vida por su equipo, que exigen transparencia y odian al f\u00fatbol negocio, las riendas del club est\u00e9n en manos de las \u00fanicas personas que s\u00f3lo lo quieren para hacer sus negocios. Y sus extravagancias en ocasiones hasta modifican el escudo del equipo, el nombre del estadio o incluso los colores de la camiseta.<\/span><\/p>\n<p align=\"justify\"><span style=\"color: #ffffff;\">Pero el negocio del f\u00fatbol no se limita a que un empresario haga de tu equipo su capricho, sino que alcanza su barbarie en la decadencia institucional, deportiva y econ\u00f3mica que azota a la mayor\u00eda de equipos, cosechando como consecuencia \u00faltima, la desaparici\u00f3n o venta de las entidades deportivas para drama de las sufridas aficiones que \u00fanicamente pueden pagar religiosamente sus abonos cada principio de temporada y cruzar los dedos para que esto no ocurra.<\/span><\/p>\n<p align=\"justify\"><span style=\"color: #ffffff;\">El f\u00fatbol negocio se ha propuesto matar al aficionado, no somos rentables y adem\u00e1s nuestra apuesta por un f\u00fatbol sin mercantilismo nos hace peligrosos.<\/span><\/p>\n<p align=\"justify\"><span style=\"color: #ffffff;\">Con ojear cualquier jornada las abusivas propuestas de sanci\u00f3n de la Comisi\u00f3n Antiviolencia, podemos comprobar lo absurdo, arbitrario e injusto de la mayor\u00eda de ellas.<\/span><\/p>\n<p align=\"justify\"><span style=\"color: #ffffff;\">Sin embargo, existe la posibilidad de devolver al balompi\u00e9 su idiosincrasia, siendo responsabilidad de los aficionados sacar a nuestros equipos de la vor\u00e1gine en la que ahora mismo se encuentra agonizando nuestro f\u00fatbol, donde hacer es la mejor manera de decir y luchar contra el f\u00fatbol negocio.<\/span><\/p>\n<p align=\"justify\"><span style=\"color: #ffffff;\">Inspirados en el ejemplo de los seguidores del FC United of Manchester, donde sus aficionados son due\u00f1os del club y tienen la posibilidad de participar activamente en la toma de decisiones, la afici\u00f3n del Ciudad de Murcia emprende un nuevo proyecto en el cual la gesti\u00f3n del nuevo club se basar\u00e1 en lo que nosotros hemos denominado \u201caccionariado popular\u201d, del que los aficionados accionariados formamos parte, participando en la propiedad, gesti\u00f3n y gobierno de nuestro club.<\/span><\/p>\n<p align=\"justify\"><span style=\"color: #ffffff;\">Ya estamos en marcha, siguiendo unas pautas de actuaci\u00f3n llenas de dignidad y participaci\u00f3n democr\u00e1tica, el camino es duro, pero el compromiso y la ilusi\u00f3n es m\u00e1xima. No somos un equipo \u201cde aficionados\u201d, somos un club, el Club de Accionariado Popular Ciudad de Murcia, pero constituido por aficionados, con el objetivo de llegar lo m\u00e1s lejos posible sin traicionar nuestra filosof\u00eda, del mismo modo que el F.C. United of Manchester est\u00e1 haciendo en Inglaterra.<\/span><\/p>\n<p align=\"justify\"><span style=\"color: #ffffff;\">Porque aunque sentimos el infortunio de haber perdido a nuestro equipo, nuestra complicidad con el f\u00fatbol negocio es historia, el C.A.P. Ciudad de Murcia es ahora nuestro club porque recoge lo mejor de esta afici\u00f3n y adem\u00e1s nos pertenece.<\/span><\/p>\n<p align=\"justify\"><span style=\"color: #ffffff;\">Estamos haciendo las cosas como se deben hacer y la desdicha se convierte en pasi\u00f3n por difundir una nueva filosof\u00eda de accionariado popular, donde nuestra afici\u00f3n debe estrechar v\u00ednculos a sabiendas de que cada aficionado tiene su voto, siendo un proyecto sin fines lucrativos, donde el mercantilismo no tiene cabida en nuestro equipo.<\/span><\/p>\n<p align=\"justify\"><span style=\"color: #ffffff;\">Sabemos que podemos ser un hito en nuestras ligas y lo vamos a conseguir. Nuestra experiencia servir\u00e1 en un futuro a otras aficiones estatales que quieran informarse o asesorarse sobre esta manera de gestionar su club, aficiones que est\u00e1n muy atentas a nuestros pasos y a las que no podemos defraudar, porque defraudarles a ellas, ser\u00eda como defraudar al f\u00fatbol.<\/span><\/p>\n<p><span style=\"color: #ffffff;\">Un aficionado, una \u00fanica acci\u00f3n, un voto.<\/span><\/p>\n<p><span style=\"color: #ffffff;\">El f\u00fatbol por y para los aficionados, juntos podemos hacerlo.<\/span><\/p>\n<p><span style=\"color: #ffffff;\">S\u00ed al Ciudad de Murcia, no al f\u00fatbol negocio.<\/span><\/p>\n<\/div><\/section><\/div>\n\n<style type=\"text\/css\" data-created_by=\"avia_inline_auto\" id=\"style-css-av-av_one_third-c8fc129dc35fd1ae2a1e410224d39ea8\">\n.flex_column.av-av_one_third-c8fc129dc35fd1ae2a1e410224d39ea8{\nborder-radius:0px 0px 0px 0px;\npadding:0px 0px 0px 0px;\n}\n<\/style>\n<div  class='flex_column av-av_one_third-c8fc129dc35fd1ae2a1e410224d39ea8 av_one_third  avia-builder-el-4  el_after_av_two_third  avia-builder-el-last  flex_column_div av-zero-column-padding  '     ><p><div  class='hr av-av_hr-0ff602b3e980a3377077ff3c1c834df6 hr-default  avia-builder-el-5  el_before_av_heading  avia-builder-el-first '><span class='hr-inner '><span class=\"hr-inner-style\"><\/span><\/span><\/div><br \/>\n\n<style type=\"text\/css\" data-created_by=\"avia_inline_auto\" id=\"style-css-av-av_heading-40014cfee452076e80f781731ac2969d\">\n#top .av-special-heading.av-av_heading-40014cfee452076e80f781731ac2969d{\npadding-bottom:0;\n}\nbody .av-special-heading.av-av_heading-40014cfee452076e80f781731ac2969d .av-special-heading-tag .heading-char{\nfont-size:25px;\n}\n.av-special-heading.av-av_heading-40014cfee452076e80f781731ac2969d .av-subheading{\nfont-size:15px;\n}\n<\/style>\n<div  class='av-special-heading av-av_heading-40014cfee452076e80f781731ac2969d av-special-heading-h3 blockquote modern-quote modern-centered  avia-builder-el-6  el_after_av_hr  el_before_av_textblock '><h3 class='av-special-heading-tag '  itemprop=\"headline\"  >ACCI\u00d3NATE<\/h3><div class=\"special-heading-border\"><div class=\"special-heading-inner-border\"><\/div><\/div><\/div><br \/>\n<section  class='av_textblock_section av-av_textblock-2de302bf1aa3cf4c9157dbe6f50ac7eb '   itemscope=\"itemscope\" itemtype=\"https:\/\/schema.org\/CreativeWork\" ><div class='avia_textblock'  itemprop=\"text\" ><p align=\"justify\"><span style=\"color: #ffffff;\">Haz tu primer ingreso de 50\u20ac o 100\u20ac en la cuenta bancaria de Cajamar ES35 3058 0334 54 2720018000, indicando nombre, apellidos y n\u00famero de DNI.<\/span><\/p>\n<\/div><\/section><br \/>\n<div  class='hr av-av_hr-0ff602b3e980a3377077ff3c1c834df6 hr-default  avia-builder-el-8  el_after_av_textblock  el_before_av_image '><span class='hr-inner '><span class=\"hr-inner-style\"><\/span><\/span><\/div><br \/>\n\n<style type=\"text\/css\" data-created_by=\"avia_inline_auto\" id=\"style-css-av-av_image-bfc5e9e3cbc9a1939ab35484a9bb68c0\">\n.avia-image-container.av-av_image-bfc5e9e3cbc9a1939ab35484a9bb68c0 img.avia_image{\nbox-shadow:none;\n}\n.avia-image-container.av-av_image-bfc5e9e3cbc9a1939ab35484a9bb68c0 .av-image-caption-overlay-center{\ncolor:#ffffff;\n}\n<\/style>\n<div  class='avia-image-container av-av_image-bfc5e9e3cbc9a1939ab35484a9bb68c0 av-styling- av-img-linked avia-align-center  avia-builder-el-9  el_after_av_hr  avia-builder-el-last '   itemprop=\"image\" itemscope=\"itemscope\" itemtype=\"https:\/\/schema.org\/ImageObject\" ><div class=\"avia-image-container-inner\"><div class=\"avia-image-overlay-wrap\"><a href=\"https:\/\/www.capciudaddemurcia.com\/home\/producto\/accion-de-12-meses\/\" class='avia_image '  aria-label='Accionate'><img fetchpriority=\"high\" class='wp-image-3356 avia-img-lazy-loading-not-3356 avia_image ' src='https:\/\/www.capciudaddemurcia.com\/home\/wp-content\/uploads\/2017\/09\/Accionate-300x132.png' alt='' title='Accionate'  height=\"132\" width=\"300\"  itemprop=\"thumbnailUrl\"  \/><\/a><\/div><\/div><\/div><\/p><\/div>\n","protected":false},"excerpt":{"rendered":"","protected":false},"author":1,"featured_media":0,"parent":0,"menu_order":0,"comment_status":"closed","ping_status":"closed","template":"","meta":{"jetpack_post_was_ever_published":false,"footnotes":""},"class_list":["post-3353","page","type-page","status-publish","hentry"],"jetpack_sharing_enabled":true,"jetpack_shortlink":"https:\/\/wp.me\/P9cs2b-S5","_links":{"self":[{"href":"https:\/\/www.capciudaddemurcia.com\/home\/wp-json\/wp\/v2\/pages\/3353","targetHints":{"allow":["GET"]}}],"collection":[{"href":"https:\/\/www.capciudaddemurcia.com\/home\/wp-json\/wp\/v2\/pages"}],"about":[{"href":"https:\/\/www.capciudaddemurcia.com\/home\/wp-json\/wp\/v2\/types\/page"}],"author":[{"embeddable":true,"href":"https:\/\/www.capciudaddemurcia.com\/home\/wp-json\/wp\/v2\/users\/1"}],"replies":[{"embeddable":true,"href":"https:\/\/www.capciudaddemurcia.com\/home\/wp-json\/wp\/v2\/comments?post=3353"}],"version-history":[{"count":3,"href":"https:\/\/www.capciudaddemurcia.com\/home\/wp-json\/wp\/v2\/pages\/3353\/revisions"}],"predecessor-version":[{"id":7739,"href":"https:\/\/www.capciudaddemurcia.com\/home\/wp-json\/wp\/v2\/pages\/3353\/revisions\/7739"}],"wp:attachment":[{"href":"https:\/\/www.capciudaddemurcia.com\/home\/wp-json\/wp\/v2\/media?parent=3353"}],"curies":[{"name":"wp","href":"https:\/\/api.w.org\/{rel}","templated":true}]}}