{"id":3480,"date":"2017-09-12T23:28:14","date_gmt":"2017-09-12T23:28:14","guid":{"rendered":"https:\/\/www.capciudaddemurcia.com\/home\/?page_id=3480"},"modified":"2017-09-12T23:28:14","modified_gmt":"2017-09-12T23:28:14","slug":"politica-de-privacidad","status":"publish","type":"page","link":"https:\/\/www.capciudaddemurcia.com\/home\/politica-de-privacidad\/","title":{"rendered":"Pol\u00edtica de Privacidad"},"content":{"rendered":"<div id='av_section_1'  class='avia-section av-av_section-ab35e41d30c284ba64bd8e598dfb7efa main_color avia-section-large avia-no-border-styling  avia-builder-el-0  avia-builder-el-no-sibling  avia-bg-style-scroll container_wrap fullsize'  ><div class='container av-section-cont-open' ><main  role=\"main\" itemprop=\"mainContentOfPage\"  class='template-page content  av-content-full alpha units'><div class='post-entry post-entry-type-page post-entry-3480'><div class='entry-content-wrapper clearfix'>\n<section  class='av_textblock_section av-av_textblock-2de302bf1aa3cf4c9157dbe6f50ac7eb '   itemscope=\"itemscope\" itemtype=\"https:\/\/schema.org\/CreativeWork\" ><div class='avia_textblock'  itemprop=\"text\" ><h1 class=\"page-title\">Pol\u00edtica de Privacidad<\/h1>\n<div class=\"ftext\">\n<p>CAP CIUDAD DE MURCIA informa a sus usuarios acerca de la pol\u00edtica adoptada en relaci\u00f3n a la protecci\u00f3n de datos de car\u00e1cter personal:<\/p>\n<ol>\n<li>El objetivo de nuestra pol\u00edtica de privacidad de datos es proteger al m\u00e1ximo la confidencialidad de los datos personales recabados a trav\u00e9s de cualquier sistema que permita la transmisi\u00f3n de datos y manifiesta su compromiso de cumplimiento con la normativa establecida en la Ley Org\u00e1nica 15\/1999, de 13 de diciembre, de Protecci\u00f3n de Datos de Car\u00e1cter Personal.<\/li>\n<li>Los datos personales recabados a trav\u00e9s de los formularios est\u00e1n destinados exclusivamente para atender las consultas formuladas.<\/li>\n<li>Dado el car\u00e1cter voluntario del suministro de sus datos a esta empresa mediante los formularios, se entiende que el usuario est\u00e1 dando su consentimiento expreso e inequ\u00edvoco al tratamiento de los datos.<\/li>\n<li>El usuario podr\u00e1 ejercer los derechos de acceso, rectificaci\u00f3n, oposici\u00f3n y cancelaci\u00f3n en\u00a0<a href=\"mailto:prensa@capciudaddemurcia.com\">prensa@capciudaddemurcia.com<\/a>\u00a0. CAP CIUDAD DE MURCIA se compromete a garantizar la confidencialidad de los datos.<\/li>\n<li>CAP CIUDAD DE MURCIA ha adoptado el Nivel de Seguridad de Protecci\u00f3n de Datos Personales legalmente requerido y ha implantado todos los medios y medidas t\u00e9cnicas para evitar la p\u00e9rdida, mal uso, alteraci\u00f3n y acceso no autorizado de los datos personales facilitados.<\/li>\n<li>CAP CIUDAD DE MURCIA se reserva el derecho de modificar la presente pol\u00edtica para adaptarla cuando sea necesario a las novedades legislativas.<\/li>\n<li>USO DE LAS \u201cCOOKIES\u201d. Con la finalidad de agilizar el servicio ofrecido, identificando con la m\u00e1xima celeridad a cada usuario, CAP CIUDAD DE MURCIA utilizar\u00e1 \u201ccookies\u201d. Las \u201ccookies\u201d son bloques de datos que determinados websites env\u00edan al disco duro del ordenador cuando \u00e9ste se conecta con la finalidad de identificarlo, quedando almacenada dicha informaci\u00f3n en el disco duro del ordenador del usuario. Las \u201ccookies\u201d se asocian \u00fanicamente con un usuario an\u00f3nimo, no permitiendo acceder a datos de car\u00e1cter personal ni, en general, a datos del disco duro del usuario. El usuario tiene la posibilidad de configurar su navegador para que se instale en su disco duro una \u201ccookie\u201d o bien para rechazar todas o algunas de las \u201ccookies\u201d. En este \u00faltimo caso, la rapidez y calidad en el funcionamiento de los servicios de CAP CIUDAD DE MURCIA puede disminuir. CAP CIUDAD DE MURCIA utiliza las \u201ccookies\u201d con diversos fines entre los que se encuentran el de asegurar una mayor rapidez y una personalizaci\u00f3n en el servicio que se da al usuario, as\u00ed como el de analizar los datos que de forma agregada arrojan los registros de \u201ccookies\u201d al respecto de \u00edndices de tr\u00e1fico y audiencia y h\u00e1bitos de los usuarios del Portal, para con dicha informaci\u00f3n contribuir a la evaluaci\u00f3n y revisi\u00f3n de los servicios y productos que se ofrecen al usuario en las p\u00e1ginas del Portal as\u00ed como la aceptaci\u00f3n por los usuarios de los contenidos y dise\u00f1os de las p\u00e1ginas web del Portal.<\/li>\n<li>RESOLUCION DE CONTROVERSIAS. Las partes, con expresa renuncia a su propio fuero, aceptan como legislaci\u00f3n rectora, la espa\u00f1ola, y se someten para la resoluci\u00f3n de cuantos litigios pudieran derivarse del mismo a los Juzgados y Tribunales de Murcia.<\/li>\n<\/ol>\n<\/div>\n<\/div><\/section>\n\n","protected":false},"excerpt":{"rendered":"","protected":false},"author":1,"featured_media":0,"parent":0,"menu_order":0,"comment_status":"closed","ping_status":"closed","template":"","meta":{"jetpack_post_was_ever_published":false,"footnotes":""},"class_list":["post-3480","page","type-page","status-publish","hentry"],"jetpack_sharing_enabled":true,"jetpack_shortlink":"https:\/\/wp.me\/P9cs2b-U8","_links":{"self":[{"href":"https:\/\/www.capciudaddemurcia.com\/home\/wp-json\/wp\/v2\/pages\/3480","targetHints":{"allow":["GET"]}}],"collection":[{"href":"https:\/\/www.capciudaddemurcia.com\/home\/wp-json\/wp\/v2\/pages"}],"about":[{"href":"https:\/\/www.capciudaddemurcia.com\/home\/wp-json\/wp\/v2\/types\/page"}],"author":[{"embeddable":true,"href":"https:\/\/www.capciudaddemurcia.com\/home\/wp-json\/wp\/v2\/users\/1"}],"replies":[{"embeddable":true,"href":"https:\/\/www.capciudaddemurcia.com\/home\/wp-json\/wp\/v2\/comments?post=3480"}],"version-history":[{"count":1,"href":"https:\/\/www.capciudaddemurcia.com\/home\/wp-json\/wp\/v2\/pages\/3480\/revisions"}],"predecessor-version":[{"id":3482,"href":"https:\/\/www.capciudaddemurcia.com\/home\/wp-json\/wp\/v2\/pages\/3480\/revisions\/3482"}],"wp:attachment":[{"href":"https:\/\/www.capciudaddemurcia.com\/home\/wp-json\/wp\/v2\/media?parent=3480"}],"curies":[{"name":"wp","href":"https:\/\/api.w.org\/{rel}","templated":true}]}}