{"id":11555,"date":"2023-10-06T12:08:49","date_gmt":"2023-10-06T10:08:49","guid":{"rendered":"https:\/\/www.capciudaddemurcia.com\/home\/?post_type=product&#038;p=11555"},"modified":"2025-07-29T12:22:32","modified_gmt":"2025-07-29T10:22:32","slug":"1a-equipacion-202324","status":"publish","type":"product","link":"https:\/\/www.capciudaddemurcia.com\/home\/producto\/1a-equipacion-202324\/","title":{"rendered":"1\u00aa EQUIPACI\u00d3N 2023\/24"},"content":{"rendered":"<p>Camiseta 1\u00aa Equipaci\u00f3n oficial del C.A.P. Ciudad de Murcia, confeccionada por JOMA.<\/p>\n","protected":false},"excerpt":{"rendered":"<p>Camiseta oficial de la temporada 2023\/24 hecha por JOMA con los mejores materiales.<\/p>\n<p>Est\u00e1 confeccionada con un tejido ligero, resistente y transpirable que previene la aparici\u00f3n de malos olores. Adem\u00e1s, incorpora en la parte de las axilas y los costados, zonas de mayor acumulaci\u00f3n de sudor, la tecnolog\u00eda Micro-Mesh System.<br \/>\nAdem\u00e1s incluye escudo y patrocinadores en vinilo de alta calidad.<\/p>\n","protected":false},"featured_media":11573,"comment_status":"closed","ping_status":"closed","template":"","meta":{"jetpack_post_was_ever_published":false,"jetpack_publicize_message":"","jetpack_publicize_feature_enabled":true,"jetpack_social_post_already_shared":true,"jetpack_social_options":{"image_generator_settings":{"template":"highway","default_image_id":0,"font":"","enabled":false},"version":2}},"product_brand":[],"product_cat":[57],"product_tag":[],"class_list":{"0":"post-11555","1":"product","2":"type-product","3":"status-publish","4":"has-post-thumbnail","6":"product_cat-equipaciones","7":"product_shipping_class-envio-urgente-24-horas","9":"first","10":"outofstock","11":"taxable","12":"shipping-taxable","13":"product-type-variable","14":"has-default-attributes"},"jetpack_publicize_connections":[],"jetpack_sharing_enabled":true,"_links":{"self":[{"href":"https:\/\/www.capciudaddemurcia.com\/home\/wp-json\/wp\/v2\/product\/11555","targetHints":{"allow":["GET"]}}],"collection":[{"href":"https:\/\/www.capciudaddemurcia.com\/home\/wp-json\/wp\/v2\/product"}],"about":[{"href":"https:\/\/www.capciudaddemurcia.com\/home\/wp-json\/wp\/v2\/types\/product"}],"replies":[{"embeddable":true,"href":"https:\/\/www.capciudaddemurcia.com\/home\/wp-json\/wp\/v2\/comments?post=11555"}],"wp:featuredmedia":[{"embeddable":true,"href":"https:\/\/www.capciudaddemurcia.com\/home\/wp-json\/wp\/v2\/media\/11573"}],"wp:attachment":[{"href":"https:\/\/www.capciudaddemurcia.com\/home\/wp-json\/wp\/v2\/media?parent=11555"}],"wp:term":[{"taxonomy":"product_brand","embeddable":true,"href":"https:\/\/www.capciudaddemurcia.com\/home\/wp-json\/wp\/v2\/product_brand?post=11555"},{"taxonomy":"product_cat","embeddable":true,"href":"https:\/\/www.capciudaddemurcia.com\/home\/wp-json\/wp\/v2\/product_cat?post=11555"},{"taxonomy":"product_tag","embeddable":true,"href":"https:\/\/www.capciudaddemurcia.com\/home\/wp-json\/wp\/v2\/product_tag?post=11555"}],"curies":[{"name":"wp","href":"https:\/\/api.w.org\/{rel}","templated":true}]}}