{"id":12295,"date":"2025-07-17T13:50:51","date_gmt":"2025-07-17T11:50:51","guid":{"rendered":"https:\/\/www.capciudaddemurcia.com\/home\/?post_type=product&#038;p=12295"},"modified":"2026-03-25T12:38:26","modified_gmt":"2026-03-25T11:38:26","slug":"equipacion-premium-sos-mar-menor","status":"publish","type":"product","link":"https:\/\/www.capciudaddemurcia.com\/home\/producto\/equipacion-premium-sos-mar-menor\/","title":{"rendered":"EQUIPACI\u00d3N PREMIUM SOS MAR MENOR"},"content":{"rendered":"<p>Camiseta Premium, de fabricaci\u00f3n nacional con tela 100% poli\u00e9ster reciclado promoviendo la sostenibilidad, escudos impresos en silicona 3D de alta calidad, \u00abSOS Mar Menor\u00bb en vinilo el\u00e1stico y etiqueta de producto licenciado.<\/p>\n","protected":false},"excerpt":{"rendered":"<p>Camiseta SOS Mar Menor edici\u00f3n Premium colaboraci\u00f3n con<a href=\"http:\/\/www.camisetasdefutbolsorpresa.com\"> www.camisetasdef\u00fatbolsorpresa.com<\/a><\/p>\n<p>Los beneficios obtenidos se compartir\u00e1n con las asociaciones que siguen defendiendo la protecci\u00f3n del espacio natural. Con un dise\u00f1o inspirado en el Mar Menor y sus atardeceres, utilizando tonos azules, verdes y anaranjados, cambiamos la hist\u00f3rica torre de la catedral por el caballito de mar que simboliza la lucha por la defensa del Mar Menor. Utilizamos otros detalles como la silueta de la laguna salada, las olas en las mangas y un \u00faltimo gui\u00f1o, el logotipo del 25 aniversario de la fundaci\u00f3n del Ciudad de Murcia.<\/p>\n","protected":false},"featured_media":12317,"comment_status":"closed","ping_status":"closed","template":"","meta":{"jetpack_post_was_ever_published":false,"jetpack_publicize_message":"","jetpack_publicize_feature_enabled":true,"jetpack_social_post_already_shared":true,"jetpack_social_options":{"image_generator_settings":{"template":"highway","default_image_id":0,"font":"","enabled":false},"version":2}},"product_brand":[],"product_cat":[57],"product_tag":[],"class_list":{"0":"post-12295","1":"product","2":"type-product","3":"status-publish","4":"has-post-thumbnail","6":"product_cat-equipaciones","7":"product_shipping_class-envio-urgente-24-horas","9":"first","10":"instock","11":"featured","12":"taxable","13":"shipping-taxable","14":"purchasable","15":"product-type-variable","16":"has-default-attributes"},"jetpack_publicize_connections":[],"jetpack_sharing_enabled":true,"_links":{"self":[{"href":"https:\/\/www.capciudaddemurcia.com\/home\/wp-json\/wp\/v2\/product\/12295","targetHints":{"allow":["GET"]}}],"collection":[{"href":"https:\/\/www.capciudaddemurcia.com\/home\/wp-json\/wp\/v2\/product"}],"about":[{"href":"https:\/\/www.capciudaddemurcia.com\/home\/wp-json\/wp\/v2\/types\/product"}],"replies":[{"embeddable":true,"href":"https:\/\/www.capciudaddemurcia.com\/home\/wp-json\/wp\/v2\/comments?post=12295"}],"wp:featuredmedia":[{"embeddable":true,"href":"https:\/\/www.capciudaddemurcia.com\/home\/wp-json\/wp\/v2\/media\/12317"}],"wp:attachment":[{"href":"https:\/\/www.capciudaddemurcia.com\/home\/wp-json\/wp\/v2\/media?parent=12295"}],"wp:term":[{"taxonomy":"product_brand","embeddable":true,"href":"https:\/\/www.capciudaddemurcia.com\/home\/wp-json\/wp\/v2\/product_brand?post=12295"},{"taxonomy":"product_cat","embeddable":true,"href":"https:\/\/www.capciudaddemurcia.com\/home\/wp-json\/wp\/v2\/product_cat?post=12295"},{"taxonomy":"product_tag","embeddable":true,"href":"https:\/\/www.capciudaddemurcia.com\/home\/wp-json\/wp\/v2\/product_tag?post=12295"}],"curies":[{"name":"wp","href":"https:\/\/api.w.org\/{rel}","templated":true}]}}