{"id":12710,"date":"2025-09-29T11:21:20","date_gmt":"2025-09-29T09:21:20","guid":{"rendered":"https:\/\/www.capciudaddemurcia.com\/home\/?post_type=product&#038;p=12710"},"modified":"2025-09-29T11:28:35","modified_gmt":"2025-09-29T09:28:35","slug":"1a-equipacion-2025-26-nino-y-nina","status":"publish","type":"product","link":"https:\/\/www.capciudaddemurcia.com\/home\/producto\/1a-equipacion-2025-26-nino-y-nina\/","title":{"rendered":"1\u00aa EQUIPACI\u00d3N 2025\/26 NI\u00d1O Y NI\u00d1A"},"content":{"rendered":"<p>Camiseta 1\u00aa Equipaci\u00f3n oficial del C.A.P. Ciudad de Murcia para ni\u00f1o y ni\u00f1a, confeccionada por Musai.<\/p>\n","protected":false},"excerpt":{"rendered":"<p>Camiseta oficial de la temporada 2025\/26 para ni\u00f1o y ni\u00f1a, hecha por Musai con los mejores materiales.<\/p>\n<p>Est\u00e1 confeccionada con un tejido ligero, resistente y transpirable que previene la aparici\u00f3n de malos olores. Adem\u00e1s, incorpora cubrecosturas en el cuello.<br \/>\nAdem\u00e1s incluye escudo en relieve termosellado y patrocinadores sublimados.<\/p>\n","protected":false},"featured_media":12704,"comment_status":"closed","ping_status":"closed","template":"","meta":{"jetpack_post_was_ever_published":false,"jetpack_publicize_message":"","jetpack_publicize_feature_enabled":true,"jetpack_social_post_already_shared":true,"jetpack_social_options":{"image_generator_settings":{"template":"highway","default_image_id":0,"font":"","enabled":false},"version":2}},"product_brand":[],"product_cat":[57],"product_tag":[],"class_list":{"0":"post-12710","1":"product","2":"type-product","3":"status-publish","4":"has-post-thumbnail","6":"product_cat-equipaciones","7":"product_shipping_class-envio-urgente-24-horas","9":"first","10":"instock","11":"taxable","12":"shipping-taxable","13":"purchasable","14":"product-type-variable"},"jetpack_publicize_connections":[],"jetpack_sharing_enabled":true,"_links":{"self":[{"href":"https:\/\/www.capciudaddemurcia.com\/home\/wp-json\/wp\/v2\/product\/12710","targetHints":{"allow":["GET"]}}],"collection":[{"href":"https:\/\/www.capciudaddemurcia.com\/home\/wp-json\/wp\/v2\/product"}],"about":[{"href":"https:\/\/www.capciudaddemurcia.com\/home\/wp-json\/wp\/v2\/types\/product"}],"replies":[{"embeddable":true,"href":"https:\/\/www.capciudaddemurcia.com\/home\/wp-json\/wp\/v2\/comments?post=12710"}],"wp:featuredmedia":[{"embeddable":true,"href":"https:\/\/www.capciudaddemurcia.com\/home\/wp-json\/wp\/v2\/media\/12704"}],"wp:attachment":[{"href":"https:\/\/www.capciudaddemurcia.com\/home\/wp-json\/wp\/v2\/media?parent=12710"}],"wp:term":[{"taxonomy":"product_brand","embeddable":true,"href":"https:\/\/www.capciudaddemurcia.com\/home\/wp-json\/wp\/v2\/product_brand?post=12710"},{"taxonomy":"product_cat","embeddable":true,"href":"https:\/\/www.capciudaddemurcia.com\/home\/wp-json\/wp\/v2\/product_cat?post=12710"},{"taxonomy":"product_tag","embeddable":true,"href":"https:\/\/www.capciudaddemurcia.com\/home\/wp-json\/wp\/v2\/product_tag?post=12710"}],"curies":[{"name":"wp","href":"https:\/\/api.w.org\/{rel}","templated":true}]}}