{"id":12802,"date":"2026-01-02T11:59:42","date_gmt":"2026-01-02T10:59:42","guid":{"rendered":"https:\/\/www.capciudaddemurcia.com\/home\/?post_type=product&#038;p=12802"},"modified":"2026-01-19T12:06:34","modified_gmt":"2026-01-19T11:06:34","slug":"pantalon-chandal-laurel","status":"publish","type":"product","link":"https:\/\/www.capciudaddemurcia.com\/home\/producto\/pantalon-chandal-laurel\/","title":{"rendered":"Pantal\u00f3n Ch\u00e1ndal Laurel"},"content":{"rendered":"<p>Pantal\u00f3n de ch\u00e1ndal con emblema de laurel y escudo CAP Ciudad de Murcia, negro, en algod\u00f3n. De nuestro patrocinador <a href=\"https:\/\/www.instagram.com\/rebelyellmerchan\/\">Rebel Yell<\/a>.<\/p>\n","protected":false},"excerpt":{"rendered":"<p>Preguntar por tallas disponibles<\/p>\n","protected":false},"featured_media":12803,"comment_status":"closed","ping_status":"closed","template":"","meta":{"jetpack_post_was_ever_published":false,"jetpack_publicize_message":"","jetpack_publicize_feature_enabled":true,"jetpack_social_post_already_shared":true,"jetpack_social_options":{"image_generator_settings":{"template":"highway","default_image_id":0,"font":"","enabled":false},"version":2}},"product_brand":[],"product_cat":[54],"product_tag":[],"class_list":{"0":"post-12802","1":"product","2":"type-product","3":"status-publish","4":"has-post-thumbnail","6":"product_cat-mas-ropa","8":"first","9":"instock","10":"taxable","11":"shipping-taxable","12":"purchasable","13":"product-type-simple"},"jetpack_publicize_connections":[],"jetpack_sharing_enabled":true,"_links":{"self":[{"href":"https:\/\/www.capciudaddemurcia.com\/home\/wp-json\/wp\/v2\/product\/12802","targetHints":{"allow":["GET"]}}],"collection":[{"href":"https:\/\/www.capciudaddemurcia.com\/home\/wp-json\/wp\/v2\/product"}],"about":[{"href":"https:\/\/www.capciudaddemurcia.com\/home\/wp-json\/wp\/v2\/types\/product"}],"replies":[{"embeddable":true,"href":"https:\/\/www.capciudaddemurcia.com\/home\/wp-json\/wp\/v2\/comments?post=12802"}],"wp:featuredmedia":[{"embeddable":true,"href":"https:\/\/www.capciudaddemurcia.com\/home\/wp-json\/wp\/v2\/media\/12803"}],"wp:attachment":[{"href":"https:\/\/www.capciudaddemurcia.com\/home\/wp-json\/wp\/v2\/media?parent=12802"}],"wp:term":[{"taxonomy":"product_brand","embeddable":true,"href":"https:\/\/www.capciudaddemurcia.com\/home\/wp-json\/wp\/v2\/product_brand?post=12802"},{"taxonomy":"product_cat","embeddable":true,"href":"https:\/\/www.capciudaddemurcia.com\/home\/wp-json\/wp\/v2\/product_cat?post=12802"},{"taxonomy":"product_tag","embeddable":true,"href":"https:\/\/www.capciudaddemurcia.com\/home\/wp-json\/wp\/v2\/product_tag?post=12802"}],"curies":[{"name":"wp","href":"https:\/\/api.w.org\/{rel}","templated":true}]}}